{"id":1754,"date":"2020-12-01T02:15:37","date_gmt":"2020-12-01T00:15:37","guid":{"rendered":"http:\/\/vislanderproduction.qpyjyc2q2g-v1p3zpqnl4ye.p.temp-site.link\/nasa-prica\/"},"modified":"2026-04-14T11:54:57","modified_gmt":"2026-04-14T09:54:57","slug":"our-story","status":"publish","type":"page","link":"https:\/\/vislander.hr\/en\/our-story\/","title":{"rendered":"Our story"},"content":{"rendered":"\t\t<div data-elementor-type=\"wp-page\" data-elementor-id=\"1754\" class=\"elementor elementor-1754 elementor-5762\" data-elementor-post-type=\"page\">\n\t\t\t\t\t\t<section class=\"elementor-section elementor-top-section elementor-element elementor-element-66cab949 elementor-section-content-middle elementor-section-boxed elementor-section-height-default elementor-section-height-default\" data-id=\"66cab949\" data-element_type=\"section\" data-e-type=\"section\" data-settings=\"{&quot;background_background&quot;:&quot;classic&quot;}\">\n\t\t\t\t\t\t<div class=\"elementor-container elementor-column-gap-no\">\n\t\t\t\t\t<div class=\"elementor-column elementor-col-50 elementor-top-column elementor-element elementor-element-647beae1\" data-id=\"647beae1\" data-element_type=\"column\" data-e-type=\"column\" data-settings=\"{&quot;background_background&quot;:&quot;classic&quot;}\">\n\t\t\t<div class=\"elementor-widget-wrap elementor-element-populated\">\n\t\t\t\t\t<div class=\"elementor-background-overlay\"><\/div>\n\t\t\t\t\t\t<div class=\"elementor-element elementor-element-3484ee4d elementor-widget elementor-widget-heading\" data-id=\"3484ee4d\" data-element_type=\"widget\" data-e-type=\"widget\" data-widget_type=\"heading.default\">\n\t\t\t\t<div class=\"elementor-widget-container\">\n\t\t\t\t\t<h4 class=\"elementor-heading-title elementor-size-default\">Our story<\/h4>\t\t\t\t<\/div>\n\t\t\t\t<\/div>\n\t\t\t\t\t<\/div>\n\t\t<\/div>\n\t\t\t\t<div class=\"elementor-column elementor-col-50 elementor-top-column elementor-element elementor-element-4b021cf7\" data-id=\"4b021cf7\" data-element_type=\"column\" data-e-type=\"column\">\n\t\t\t<div class=\"elementor-widget-wrap elementor-element-populated\">\n\t\t\t\t\t\t<div class=\"elementor-element elementor-element-2f03c2f elementor-widget elementor-widget-heading\" data-id=\"2f03c2f\" data-element_type=\"widget\" data-e-type=\"widget\" data-widget_type=\"heading.default\">\n\t\t\t\t<div class=\"elementor-widget-container\">\n\t\t\t\t\t<h2 class=\"elementor-heading-title elementor-size-default\">SWIMMING FOR FOOD, WINE FOR LIFE<\/h2>\t\t\t\t<\/div>\n\t\t\t\t<\/div>\n\t\t\t\t<div class=\"elementor-element elementor-element-3b5aedd0 elementor-widget elementor-widget-text-editor\" data-id=\"3b5aedd0\" data-element_type=\"widget\" data-e-type=\"widget\" data-widget_type=\"text-editor.default\">\n\t\t\t\t<div class=\"elementor-widget-container\">\n\t\t\t\t\t\t\t\t\t<p>On Vis in 1944. There wasn&#8217;t enough food that year.<\/p><p>The Italian occupation had ended, but British destroyers and gunboats, German ships and submarines, magnetic mines and aircraft circled the small island in the middle of the Adriatic Sea.<br>That year, no one was allowed to &#8220;fish&#8221;. Swiss chard was eaten for breakfast, sea urchins and sea urchins were eaten for lunch, and potatoes were eaten for dinner. With the arrival of winter, everything soon disappeared. The mainland was far away. The people of Vis lacked food, but ever since the time of Dionysius of Syracuse, they had something else.<\/p>\t\t\t\t\t\t\t\t<\/div>\n\t\t\t\t<\/div>\n\t\t\t\t<div class=\"elementor-element elementor-element-f34b1d1 elementor-widget elementor-widget-text-editor\" data-id=\"f34b1d1\" data-element_type=\"widget\" data-e-type=\"widget\" data-widget_type=\"text-editor.default\">\n\t\t\t\t<div class=\"elementor-widget-container\">\n\t\t\t\t\t\t\t\t\t<p>When are  <strong>ancient Greeks 397. eg. n. e. founded on Vis<\/strong> <strong>polis Issa,<\/strong> in the area of \u200b\u200bVeli polje they planted <strong>the first vines in our region.<\/strong> Thus, the inhabitants of Vis, both in times of peace and in times of war, cultivated vines and produced wine for which it is still  <strong>Agarthid in 2. century BC Christ<\/strong>  claimed it was the best.<\/p>\t\t\t\t\t\t\t\t<\/div>\n\t\t\t\t<\/div>\n\t\t\t\t<div class=\"elementor-element elementor-element-5b6f3b5d elementor-widget elementor-widget-text-editor\" data-id=\"5b6f3b5d\" data-element_type=\"widget\" data-e-type=\"widget\" data-widget_type=\"text-editor.default\">\n\t\t\t\t<div class=\"elementor-widget-container\">\n\t\t\t\t\t\t\t\t\t<p>Centuries later, the Vis people <strong>, grandmother Frank and grandfather Jure,<\/strong> poured their Plavac into a bottle and set out to meet the British soldiers, the English, the Scots, the Welsh, the guys from a distant island in the Atlantic, who were protecting a secret Allied air base on Vis.<\/p><p>They traded their bluestone, the fruit of the powerful sun and sandy soil, with the soldiers for food.<\/p><p><strong>Plavac for dry military rations.<\/strong><\/p>\t\t\t\t\t\t\t\t<\/div>\n\t\t\t\t<\/div>\n\t\t\t\t\t<\/div>\n\t\t<\/div>\n\t\t\t\t\t<\/div>\n\t\t<\/section>\n\t\t\t\t<section class=\"elementor-section elementor-top-section elementor-element elementor-element-0aa92dd elementor-section-boxed elementor-section-height-default elementor-section-height-default\" data-id=\"0aa92dd\" data-element_type=\"section\" data-e-type=\"section\">\n\t\t\t\t\t\t<div class=\"elementor-container elementor-column-gap-default\">\n\t\t\t\t\t<div class=\"elementor-column elementor-col-66 elementor-top-column elementor-element elementor-element-3ee2373\" data-id=\"3ee2373\" data-element_type=\"column\" data-e-type=\"column\">\n\t\t\t<div class=\"elementor-widget-wrap elementor-element-populated\">\n\t\t\t\t\t\t<div class=\"elementor-element elementor-element-8b22d98 elementor-widget elementor-widget-image\" data-id=\"8b22d98\" data-element_type=\"widget\" data-e-type=\"widget\" data-widget_type=\"image.default\">\n\t\t\t\t<div class=\"elementor-widget-container\">\n\t\t\t\t\t\t\t\t\t\t\t\t\t\t\t<img fetchpriority=\"high\" decoding=\"async\" width=\"1024\" height=\"659\" src=\"https:\/\/vislander.hr\/wp-content\/uploads\/2025\/10\/Nasa-prica-barba-Andro-teta-J-scaled-e1761770024947-1024x659.webp\" class=\"attachment-large size-large wp-image-9858\" alt=\"\" srcset=\"https:\/\/vislander.hr\/wp-content\/uploads\/2025\/10\/Nasa-prica-barba-Andro-teta-J-scaled-e1761770024947-1024x659.webp 1024w, https:\/\/vislander.hr\/wp-content\/uploads\/2025\/10\/Nasa-prica-barba-Andro-teta-J-scaled-e1761770024947-300x193.webp 300w, https:\/\/vislander.hr\/wp-content\/uploads\/2025\/10\/Nasa-prica-barba-Andro-teta-J-scaled-e1761770024947-768x494.webp 768w, https:\/\/vislander.hr\/wp-content\/uploads\/2025\/10\/Nasa-prica-barba-Andro-teta-J-scaled-e1761770024947-1536x988.webp 1536w, https:\/\/vislander.hr\/wp-content\/uploads\/2025\/10\/Nasa-prica-barba-Andro-teta-J-scaled-e1761770024947-2048x1317.webp 2048w\" sizes=\"(max-width: 1024px) 100vw, 1024px\" \/>\t\t\t\t\t\t\t\t\t\t\t\t\t\t\t<\/div>\n\t\t\t\t<\/div>\n\t\t\t\t\t<\/div>\n\t\t<\/div>\n\t\t\t\t<div class=\"elementor-column elementor-col-33 elementor-top-column elementor-element elementor-element-530234c\" data-id=\"530234c\" data-element_type=\"column\" data-e-type=\"column\">\n\t\t\t<div class=\"elementor-widget-wrap elementor-element-populated\">\n\t\t\t\t\t\t<div class=\"elementor-element elementor-element-005bc64 elementor-widget elementor-widget-text-editor\" data-id=\"005bc64\" data-element_type=\"widget\" data-e-type=\"widget\" data-widget_type=\"text-editor.default\">\n\t\t\t\t<div class=\"elementor-widget-container\">\n\t\t\t\t\t\t\t\t\t<p><strong><em>A bottle<\/em> of wine<\/strong> was worth as much as a can of breakfast meat, candy in shiny cellophane, a bag of cocoa, or a package of dry biscuits. The price was negotiated hard, and the most skilled was <strong>dida Jure<\/strong> . On the battlefields of World War I, in the Carpathians and Galicia, he mastered the ever-useful skill of negotiation and the occasional foreign word.<\/p><p>Through the exchange, cocoa ended up in goat milk. That exotic powder was the first crumb of chocolate that <strong>Grandma Frone&#8217;s children Jelenka and Jure<\/strong> ever tasted. And the soldiers, the boys from Manchester, Leicester, Uist, Cardiff&#8230;, exhausted by war, surrounded by blood, finally took a breather. Plavac mali from the sandy terrains of Milna, Vo\u0161\u010dica, Ljubi\u0161\u0107e and Tihobra\u0107a polje calmed their fears and reminded them of everything beautiful and good, of what they are fighting for.<\/p><p style=\"font-size: 16px; font-style: normal; font-weight: 400;\">And so another alliance was formed.<\/p><p style=\"font-size: 16px; font-style: normal; font-weight: 400;\"><span style=\"font-style: inherit; font-weight: inherit; letter-spacing: 0px;\">Since then, the islanders, the people of Vi\u0161e and the British, <strong>have been exchanging wine for food, dry military rations for Plavac<\/strong> , and in 1944, they too won another victory. Victory over hunger and hopelessness.<\/span><\/p><p style=\"font-size: 16px; font-style: normal; font-weight: 400;\">A big victory on a small island in the middle of the Adriatic.<\/p>\t\t\t\t\t\t\t\t<\/div>\n\t\t\t\t<\/div>\n\t\t\t\t\t<\/div>\n\t\t<\/div>\n\t\t\t\t\t<\/div>\n\t\t<\/section>\n\t\t\t\t<section class=\"elementor-section elementor-top-section elementor-element elementor-element-e27d61a elementor-section-boxed elementor-section-height-default elementor-section-height-default\" data-id=\"e27d61a\" data-element_type=\"section\" data-e-type=\"section\">\n\t\t\t\t\t\t<div class=\"elementor-container elementor-column-gap-default\">\n\t\t\t\t\t<div class=\"elementor-column elementor-col-33 elementor-top-column elementor-element elementor-element-ff04c4f\" data-id=\"ff04c4f\" data-element_type=\"column\" data-e-type=\"column\">\n\t\t\t<div class=\"elementor-widget-wrap elementor-element-populated\">\n\t\t\t\t\t\t<div class=\"elementor-element elementor-element-1706bc8 elementor-widget elementor-widget-image\" data-id=\"1706bc8\" data-element_type=\"widget\" data-e-type=\"widget\" data-widget_type=\"image.default\">\n\t\t\t\t<div class=\"elementor-widget-container\">\n\t\t\t\t\t\t\t\t\t\t\t\t\t\t\t<img decoding=\"async\" width=\"512\" height=\"640\" src=\"https:\/\/vislander.hr\/wp-content\/uploads\/2025\/11\/VISLANDER-portret-01.jpg\" class=\"attachment-2048x2048 size-2048x2048 wp-image-10775\" alt=\"\" srcset=\"https:\/\/vislander.hr\/wp-content\/uploads\/2025\/11\/VISLANDER-portret-01.jpg 512w, https:\/\/vislander.hr\/wp-content\/uploads\/2025\/11\/VISLANDER-portret-01-240x300.jpg 240w\" sizes=\"(max-width: 512px) 100vw, 512px\" \/>\t\t\t\t\t\t\t\t\t\t\t\t\t\t\t<\/div>\n\t\t\t\t<\/div>\n\t\t\t\t\t<\/div>\n\t\t<\/div>\n\t\t\t\t<div class=\"elementor-column elementor-col-33 elementor-top-column elementor-element elementor-element-a743cad\" data-id=\"a743cad\" data-element_type=\"column\" data-e-type=\"column\">\n\t\t\t<div class=\"elementor-widget-wrap elementor-element-populated\">\n\t\t\t\t\t\t<div class=\"elementor-element elementor-element-9c79878 elementor-widget elementor-widget-image\" data-id=\"9c79878\" data-element_type=\"widget\" data-e-type=\"widget\" data-widget_type=\"image.default\">\n\t\t\t\t<div class=\"elementor-widget-container\">\n\t\t\t\t\t\t\t\t\t\t\t\t\t\t\t<img decoding=\"async\" width=\"512\" height=\"640\" src=\"https:\/\/vislander.hr\/wp-content\/uploads\/2025\/11\/VISLANDER-portret-02.jpg\" class=\"attachment-2048x2048 size-2048x2048 wp-image-10777\" alt=\"\" srcset=\"https:\/\/vislander.hr\/wp-content\/uploads\/2025\/11\/VISLANDER-portret-02.jpg 512w, https:\/\/vislander.hr\/wp-content\/uploads\/2025\/11\/VISLANDER-portret-02-240x300.jpg 240w\" sizes=\"(max-width: 512px) 100vw, 512px\" \/>\t\t\t\t\t\t\t\t\t\t\t\t\t\t\t<\/div>\n\t\t\t\t<\/div>\n\t\t\t\t\t<\/div>\n\t\t<\/div>\n\t\t\t\t<div class=\"elementor-column elementor-col-33 elementor-top-column elementor-element elementor-element-a945165\" data-id=\"a945165\" data-element_type=\"column\" data-e-type=\"column\">\n\t\t\t<div class=\"elementor-widget-wrap elementor-element-populated\">\n\t\t\t\t\t\t<div class=\"elementor-element elementor-element-c1d0b31 elementor-widget elementor-widget-image\" data-id=\"c1d0b31\" data-element_type=\"widget\" data-e-type=\"widget\" data-widget_type=\"image.default\">\n\t\t\t\t<div class=\"elementor-widget-container\">\n\t\t\t\t\t\t\t\t\t\t\t\t\t\t\t<img loading=\"lazy\" decoding=\"async\" width=\"512\" height=\"640\" src=\"https:\/\/vislander.hr\/wp-content\/uploads\/2025\/11\/VISLANDER-portret-03.jpg\" class=\"attachment-2048x2048 size-2048x2048 wp-image-10779\" alt=\"\" srcset=\"https:\/\/vislander.hr\/wp-content\/uploads\/2025\/11\/VISLANDER-portret-03.jpg 512w, https:\/\/vislander.hr\/wp-content\/uploads\/2025\/11\/VISLANDER-portret-03-240x300.jpg 240w\" sizes=\"(max-width: 512px) 100vw, 512px\" \/>\t\t\t\t\t\t\t\t\t\t\t\t\t\t\t<\/div>\n\t\t\t\t<\/div>\n\t\t\t\t\t<\/div>\n\t\t<\/div>\n\t\t\t\t\t<\/div>\n\t\t<\/section>\n\t\t\t\t<section class=\"elementor-section elementor-top-section elementor-element elementor-element-a2a9137 elementor-section-boxed elementor-section-height-default elementor-section-height-default\" data-id=\"a2a9137\" data-element_type=\"section\" data-e-type=\"section\">\n\t\t\t\t\t\t<div class=\"elementor-container elementor-column-gap-default\">\n\t\t\t\t\t<div class=\"elementor-column elementor-col-33 elementor-top-column elementor-element elementor-element-ca42fdd\" data-id=\"ca42fdd\" data-element_type=\"column\" data-e-type=\"column\">\n\t\t\t<div class=\"elementor-widget-wrap elementor-element-populated\">\n\t\t\t\t\t\t<div class=\"elementor-element elementor-element-c7cc766 elementor-widget elementor-widget-image\" data-id=\"c7cc766\" data-element_type=\"widget\" data-e-type=\"widget\" data-widget_type=\"image.default\">\n\t\t\t\t<div class=\"elementor-widget-container\">\n\t\t\t\t\t\t\t\t\t\t\t\t\t\t\t<img loading=\"lazy\" decoding=\"async\" width=\"512\" height=\"640\" src=\"https:\/\/vislander.hr\/wp-content\/uploads\/2025\/11\/VISLANDER-portret-05.jpg\" class=\"attachment-2048x2048 size-2048x2048 wp-image-10783\" alt=\"\" srcset=\"https:\/\/vislander.hr\/wp-content\/uploads\/2025\/11\/VISLANDER-portret-05.jpg 512w, https:\/\/vislander.hr\/wp-content\/uploads\/2025\/11\/VISLANDER-portret-05-240x300.jpg 240w\" sizes=\"(max-width: 512px) 100vw, 512px\" \/>\t\t\t\t\t\t\t\t\t\t\t\t\t\t\t<\/div>\n\t\t\t\t<\/div>\n\t\t\t\t\t<\/div>\n\t\t<\/div>\n\t\t\t\t<div class=\"elementor-column elementor-col-33 elementor-top-column elementor-element elementor-element-da5f7a6\" data-id=\"da5f7a6\" data-element_type=\"column\" data-e-type=\"column\">\n\t\t\t<div class=\"elementor-widget-wrap elementor-element-populated\">\n\t\t\t\t\t\t<div class=\"elementor-element elementor-element-df633b3 elementor-widget elementor-widget-image\" data-id=\"df633b3\" data-element_type=\"widget\" data-e-type=\"widget\" data-widget_type=\"image.default\">\n\t\t\t\t<div class=\"elementor-widget-container\">\n\t\t\t\t\t\t\t\t\t\t\t\t\t\t\t<img loading=\"lazy\" decoding=\"async\" width=\"512\" height=\"640\" src=\"https:\/\/vislander.hr\/wp-content\/uploads\/2025\/11\/VISLANDER-portret-06.jpg\" class=\"attachment-2048x2048 size-2048x2048 wp-image-10785\" alt=\"\" srcset=\"https:\/\/vislander.hr\/wp-content\/uploads\/2025\/11\/VISLANDER-portret-06.jpg 512w, https:\/\/vislander.hr\/wp-content\/uploads\/2025\/11\/VISLANDER-portret-06-240x300.jpg 240w\" sizes=\"(max-width: 512px) 100vw, 512px\" \/>\t\t\t\t\t\t\t\t\t\t\t\t\t\t\t<\/div>\n\t\t\t\t<\/div>\n\t\t\t\t\t<\/div>\n\t\t<\/div>\n\t\t\t\t<div class=\"elementor-column elementor-col-33 elementor-top-column elementor-element elementor-element-91da7c8\" data-id=\"91da7c8\" data-element_type=\"column\" data-e-type=\"column\">\n\t\t\t<div class=\"elementor-widget-wrap elementor-element-populated\">\n\t\t\t\t\t\t<div class=\"elementor-element elementor-element-4740a2e elementor-widget elementor-widget-image\" data-id=\"4740a2e\" data-element_type=\"widget\" data-e-type=\"widget\" data-widget_type=\"image.default\">\n\t\t\t\t<div class=\"elementor-widget-container\">\n\t\t\t\t\t\t\t\t\t\t\t\t\t\t\t<img loading=\"lazy\" decoding=\"async\" width=\"512\" height=\"640\" src=\"https:\/\/vislander.hr\/wp-content\/uploads\/2025\/11\/VISLANDER-portret-07.jpg\" class=\"attachment-2048x2048 size-2048x2048 wp-image-10787\" alt=\"\" srcset=\"https:\/\/vislander.hr\/wp-content\/uploads\/2025\/11\/VISLANDER-portret-07.jpg 512w, https:\/\/vislander.hr\/wp-content\/uploads\/2025\/11\/VISLANDER-portret-07-240x300.jpg 240w\" sizes=\"(max-width: 512px) 100vw, 512px\" \/>\t\t\t\t\t\t\t\t\t\t\t\t\t\t\t<\/div>\n\t\t\t\t<\/div>\n\t\t\t\t\t<\/div>\n\t\t<\/div>\n\t\t\t\t\t<\/div>\n\t\t<\/section>\n\t\t\t\t<\/div>\n\t\t","protected":false},"excerpt":{"rendered":"<p>Our story SWIMMING FOR FOOD, WINE FOR LIFE On Vis in 1944. There wasn&#8217;t enough food that year. The Italian occupation had ended, but British destroyers and gunboats, German ships and submarines, magnetic mines and aircraft circled the small island in the middle of the Adriatic Sea.That year, no one was allowed to &#8220;fish&#8221;. Swiss [&hellip;]<\/p>\n","protected":false},"author":6,"featured_media":0,"parent":0,"menu_order":0,"comment_status":"closed","ping_status":"closed","template":"","meta":{"_acf_changed":false,"site-sidebar-layout":"no-sidebar","site-content-layout":"page-builder","ast-site-content-layout":"full-width-container","site-content-style":"unboxed","site-sidebar-style":"unboxed","ast-global-header-display":"","ast-banner-title-visibility":"","ast-main-header-display":"","ast-hfb-above-header-display":"","ast-hfb-below-header-display":"","ast-hfb-mobile-header-display":"","site-post-title":"disabled","ast-breadcrumbs-content":"","ast-featured-img":"disabled","footer-sml-layout":"","ast-disable-related-posts":"","theme-transparent-header-meta":"default","adv-header-id-meta":"","stick-header-meta":"default","header-above-stick-meta":"","header-main-stick-meta":"","header-below-stick-meta":"","astra-migrate-meta-layouts":"default","ast-page-background-enabled":"default","ast-page-background-meta":{"desktop":{"background-color":"","background-image":"","background-repeat":"repeat","background-position":"center center","background-size":"auto","background-attachment":"scroll","background-type":"","background-media":"","overlay-type":"","overlay-color":"","overlay-opacity":"","overlay-gradient":""},"tablet":{"background-color":"","background-image":"","background-repeat":"repeat","background-position":"center center","background-size":"auto","background-attachment":"scroll","background-type":"","background-media":"","overlay-type":"","overlay-color":"","overlay-opacity":"","overlay-gradient":""},"mobile":{"background-color":"","background-image":"","background-repeat":"repeat","background-position":"center center","background-size":"auto","background-attachment":"scroll","background-type":"","background-media":"","overlay-type":"","overlay-color":"","overlay-opacity":"","overlay-gradient":""}},"ast-content-background-meta":{"desktop":{"background-color":"var(--ast-global-color-5)","background-image":"","background-repeat":"repeat","background-position":"center center","background-size":"auto","background-attachment":"scroll","background-type":"","background-media":"","overlay-type":"","overlay-color":"","overlay-opacity":"","overlay-gradient":""},"tablet":{"background-color":"var(--ast-global-color-5)","background-image":"","background-repeat":"repeat","background-position":"center center","background-size":"auto","background-attachment":"scroll","background-type":"","background-media":"","overlay-type":"","overlay-color":"","overlay-opacity":"","overlay-gradient":""},"mobile":{"background-color":"var(--ast-global-color-5)","background-image":"","background-repeat":"repeat","background-position":"center center","background-size":"auto","background-attachment":"scroll","background-type":"","background-media":"","overlay-type":"","overlay-color":"","overlay-opacity":"","overlay-gradient":""}},"footnotes":""},"class_list":["post-1754","page","type-page","status-publish","hentry"],"acf":[],"aioseo_notices":[],"_links":{"self":[{"href":"https:\/\/vislander.hr\/en\/wp-json\/wp\/v2\/pages\/1754","targetHints":{"allow":["GET"]}}],"collection":[{"href":"https:\/\/vislander.hr\/en\/wp-json\/wp\/v2\/pages"}],"about":[{"href":"https:\/\/vislander.hr\/en\/wp-json\/wp\/v2\/types\/page"}],"author":[{"embeddable":true,"href":"https:\/\/vislander.hr\/en\/wp-json\/wp\/v2\/users\/6"}],"replies":[{"embeddable":true,"href":"https:\/\/vislander.hr\/en\/wp-json\/wp\/v2\/comments?post=1754"}],"version-history":[{"count":5,"href":"https:\/\/vislander.hr\/en\/wp-json\/wp\/v2\/pages\/1754\/revisions"}],"predecessor-version":[{"id":11555,"href":"https:\/\/vislander.hr\/en\/wp-json\/wp\/v2\/pages\/1754\/revisions\/11555"}],"wp:attachment":[{"href":"https:\/\/vislander.hr\/en\/wp-json\/wp\/v2\/media?parent=1754"}],"curies":[{"name":"wp","href":"https:\/\/api.w.org\/{rel}","templated":true}]}}